{"id":14088,"date":"2018-11-11T13:08:57","date_gmt":"2018-11-11T12:08:57","guid":{"rendered":"https:\/\/bethyossef.fr\/%d7%aa%d7%a8%d7%95%d7%9e%d7%94\/"},"modified":"2019-02-12T13:22:35","modified_gmt":"2019-02-12T12:22:35","slug":"%d7%aa%d7%a8%d7%95%d7%9e%d7%94","status":"publish","type":"page","link":"https:\/\/bethyossef.fr\/he\/%d7%aa%d7%a8%d7%95%d7%9e%d7%94\/","title":{"rendered":"\u05ea\u05e8\u05d5\u05de\u05d5\u05ea"},"content":{"rendered":"<p>[vc_row content_placement=&quot;bottom&quot; type=&quot;image&quot; bg_position=&quot;bottom&quot; bg_position_horizontal=&quot;center&quot; bg_attachment=&quot;true&quot; vertical_align=&quot;yes&quot; min_height=&quot;400px&quot; bg_image=&quot;13172&quot;][vc_column][vc_column_text css=&quot;.vc_custom_1535273141249{margin-top: 200px !important;}&quot;]<\/p>\n<h2><span style=\"color: #ffffff;\">\u05dc\u05ea\u05e8\u05d5\u05dd<\/span><br \/>\n<span style=\"color: #ffffff;\">\u05db\u05d3\u05d9 \u05dc\u05ea\u05de\u05d5\u05da<\/span><br \/>\n<span style=\"color: #ffffff;\"><strong>\u05d1\u05d9\u05e9\u05d9\u05d1\u05ea \u05d1\u05d9\u05ea \u05d9\u05d5\u05e1\u05e3<\/strong><\/span><\/h2>\n<p>[\/vc_column_text][\/vc_column][\/vc_row][vc_row][vc_column][vc_column_text]\t<div id=\"give-form-15063-wrap\" class=\"give-form-wrap give-display-onpage\">\n\t\t<h2 class=\"give-form-title\">\u05d0\u05e0\u05d9 \u05ea\u05d5\u05de\u05da \u05d1\u05d9\u05e9\u05d9\u05d1\u05ea \u05d1\u05d9\u05ea \u05d9\u05d5\u05e1\u05e3<\/h2>\t\t\t<form id=\"give-form-15063-1\" class=\"give-form give-form-15063 give-form-type-multi float-labels-enabled\" action=\"https:\/\/bethyossef.fr\/he\/wp-json\/wp\/v2\/pages\/14088\/?payment-mode=offline&form-id=15063\" data-id=\"15063-1\" data-currency_symbol=\"&euro;\" data-currency_code=\"EUR\" data-currency_position=\"after\" data-thousands_separator=\",\" data-decimal_separator=\".\" data-number_decimals=\"0\" data-publishable-key=\"\" data-account=\"\" method=\"post\">\n\t\t\t\t<!-- The following field is for robots only, invisible to humans: -->\n\t\t\t\t<span class=\"give-hidden\" style=\"display: none !important;\">\n\t\t\t\t\t<label for=\"give-form-honeypot-15063\"><\/label>\n\t\t\t\t\t<input id=\"give-form-honeypot-15063\" type=\"text\" name=\"give-honeypot\"\n\t\t\t\t\t\t   class=\"give-honeypot give-hidden\"\/>\n\t\t\t\t<\/span>\n\n\t\t\t\t\t<input type=\"hidden\" name=\"give-form-id-prefix\" value=\"15063-1\"\/>\n\t<input type=\"hidden\" name=\"give-form-id\" value=\"15063\"\/>\n\t<input type=\"hidden\" name=\"give-form-title\" value=\"\u05d0\u05e0\u05d9 \u05ea\u05d5\u05de\u05da \u05d1\u05d9\u05e9\u05d9\u05d1\u05ea \u05d1\u05d9\u05ea \u05d9\u05d5\u05e1\u05e3\"\/>\n\t<input type=\"hidden\" name=\"give-current-url\" value=\"https:\/\/bethyossef.fr\/he\/wp-json\/wp\/v2\/pages\/14088\/\"\/>\n\t<input type=\"hidden\" name=\"give-form-url\" value=\"https:\/\/bethyossef.fr\/he\/wp-json\/wp\/v2\/pages\/14088\/\"\/>\n\t\t\t<input type=\"hidden\" name=\"give-form-minimum\"\n\t\t\t   value=\"1\"\/>\n\t\t<input type=\"hidden\" name=\"give-form-maximum\"\n\t\t\t   value=\"1000000\"\/>\n\t\t<input type=\"hidden\"  name=\"give-form-hash\" value=\"c85ac4bc9d\" data-time=\"1776560497\" data-nonce-life=\"86400\" data-donor-session=\"0\"\/><input type=\"hidden\" name=\"give-price-id\" value=\"0\"\/>\t\t<div class=\"give-total-wrap\">\n\t\t\t<div class=\"give-donation-amount form-row-wide\">\n\t\t\t\t\t\t\t\t<label class=\"give-hidden\" for=\"give-amount\">\u05e1\u05db\u05d5\u05dd \u05d4\u05ea\u05e8\u05d5\u05de\u05d4:<\/label>\n\t\t\t\t<input class=\"give-text-input give-amount-top\" id=\"give-amount\" name=\"give-amount\" type=\"text\" inputmode=\"decimal\"\n\t\t\t\t\t   placeholder=\"\" value=\"50\" autocomplete=\"off\">\n\t\t\t\t<span class=\"give-currency-symbol give-currency-position-after\">&euro;<\/span>\t\t\t<\/div>\n\t\t<\/div>\n\t\t<ul id=\"give-donation-level-button-wrap\" class=\"give-donation-levels-wrap give-list-inline\"><li><button type=\"button\" data-price-id=\"0\" class=\"give-donation-level-btn give-btn give-btn-level-0 give-default-level\" value=\"50\" data-default=\"1\">50&euro;<\/button><\/li><li><button type=\"button\" data-price-id=\"1\" class=\"give-donation-level-btn give-btn give-btn-level-1 \" value=\"100\" data-default=\"0\">100&euro;<\/button><\/li><li><button type=\"button\" data-price-id=\"2\" class=\"give-donation-level-btn give-btn give-btn-level-2 \" value=\"200\" data-default=\"0\">200&euro;<\/button><\/li><li><button type=\"button\" data-price-id=\"3\" class=\"give-donation-level-btn give-btn give-btn-level-3 \" value=\"500\" data-default=\"0\">500&euro;<\/button><\/li><li><button type=\"button\" data-price-id=\"custom\" class=\"give-donation-level-btn give-btn give-btn-level-custom\" value=\"custom\">\u05e1\u05db\u05d5\u05dd \u05de\u05d5\u05ea\u05d0\u05dd<\/button><\/li><\/ul><input id=\"give-stripe-payment-method-15063-1\" type=\"hidden\" name=\"give_stripe_payment_method\" value=\"\">\n\t<fieldset id=\"give-payment-mode-select\">\n\t\t\t\t<legend\n\t\t\tclass=\"give-payment-mode-label\">\u05d1\u05d7\u05d9\u05e8\u05ea \u05e9\u05d9\u05d8\u05ea \u05ea\u05e9\u05dc\u05d5\u05dd\t\t\t<span class=\"give-loading-text\"><span\n\t\t\t\t\tclass=\"give-loading-animation\"><\/span>\n\t\t\t<\/span>\n\t\t<\/legend>\n\n\t\t<div id=\"give-payment-mode-wrap\">\n\t\t\t\t\t\t<ul id=\"give-gateway-radio-list\">\n\t\t\t\t\t\t\t\t\t\t<li class=\"give-gateway-option-selected\">\n\t\t\t\t\t\t\t<input type=\"radio\" name=\"payment-mode\" class=\"give-gateway\"\n\t\t\t\t\t\t\t\t   id=\"give-gateway-offline-15063-1\"\n\t\t\t\t\t\t\t\t   value=\"offline\" checked='checked'>\n\t\t\t\t\t\t\t<label for=\"give-gateway-offline-15063-1\"\n\t\t\t\t\t\t\t\t   class=\"give-gateway-option\"\n\t\t\t\t\t\t\t\t   id=\"give-gateway-option-offline\"> \u05ea\u05e8\u05d5\u05de\u05d4 \u05dc\u05d0 \u05de\u05e7\u05d5\u05d5\u05e0\u05ea<\/label>\n\t\t\t\t\t\t<\/li>\n\t\t\t\t\t\t\t\t\t\t\t\t<li>\n\t\t\t\t\t\t\t<input type=\"radio\" name=\"payment-mode\" class=\"give-gateway\"\n\t\t\t\t\t\t\t\t   id=\"give-gateway-paypal-15063-1\"\n\t\t\t\t\t\t\t\t   value=\"paypal\">\n\t\t\t\t\t\t\t<label for=\"give-gateway-paypal-15063-1\"\n\t\t\t\t\t\t\t\t   class=\"give-gateway-option\"\n\t\t\t\t\t\t\t\t   id=\"give-gateway-option-paypal\"> \u05e4\u05d9\u05d9\u05e4\u05d0\u05dc \u05d5\u05d0\u05e9\u05e8\u05d0\u05d9<\/label>\n\t\t\t\t\t\t<\/li>\n\t\t\t\t\t\t\t\t\t\t\t\t<li>\n\t\t\t\t\t\t\t<input type=\"radio\" name=\"payment-mode\" class=\"give-gateway\"\n\t\t\t\t\t\t\t\t   id=\"give-gateway-stripe-15063-1\"\n\t\t\t\t\t\t\t\t   value=\"stripe\">\n\t\t\t\t\t\t\t<label for=\"give-gateway-stripe-15063-1\"\n\t\t\t\t\t\t\t\t   class=\"give-gateway-option\"\n\t\t\t\t\t\t\t\t   id=\"give-gateway-option-stripe\"> Paiement par carte bancaire securis\u00e9<\/label>\n\t\t\t\t\t\t<\/li>\n\t\t\t\t\t\t\t\t\t<\/ul>\n\t\t\t\t\t<\/div>\n\t\t\t<\/fieldset>\n\n\t\n\t<div id=\"give_purchase_form_wrap\">\n\n\t\t\t<fieldset id=\"give_checkout_user_info\" class=\"give-title-prefix-wrap\">\n\t\t<legend>\n\t\t\t\u05e4\u05e8\u05d8\u05d9\u05dd \u05d0\u05d9\u05e9\u05d9\u05d9\u05dd\t\t<\/legend>\n\n\t\t\t\t\t<p id=\"give-title-wrap\" class=\"form-row form-row-title form-row-responsive\">\n\t\t\t\t<label class=\"give-label\" for=\"give-title\">\n\t\t\t\t\tTitle\t\t\t\t\t\t\t\t\t\t<span class=\"give-tooltip hint--top hint--medium hint--bounce\" aria-label=\"Title is used to personalize your donation record..\" rel=\"tooltip\"><i class=\"give-icon give-icon-question\"><\/i><\/span>\t\t\t\t<\/label>\n\t\t\t\t<select\n\t\t\t\t\tclass=\"give-input\"\n\t\t\t\t\ttype=\"text\"\n\t\t\t\t\tname=\"give_title\"\n\t\t\t\t\tid=\"give-title\"\n\t\t\t\t\t\t\t\t\t>\n\t\t\t\t\t\t\t\t\t\t\t<option\n\t\t\t\t\t\t\tvalue=\"Mr.\" >Mr.<\/option>\n\t\t\t\t\t\t\t\t\t\t\t<option\n\t\t\t\t\t\t\tvalue=\"Mrs.\" >Mrs.<\/option>\n\t\t\t\t\t\t\t\t\t\t\t<option\n\t\t\t\t\t\t\tvalue=\"Ms.\" >Ms.<\/option>\n\t\t\t\t\t\t\t\t\t<\/select>\n\t\t\t<\/p>\n\t\t\n\t\t<p id=\"give-first-name-wrap\" class=\"form-row form-row-first form-row-responsive\">\n\t\t\t<label class=\"give-label\" for=\"give-first\">\n\t\t\t\t\u05e9\u05dd\t\t\t\t\t\t\t\t<span class=\"give-tooltip hint--top hint--medium hint--bounce\" aria-label=\"First Name is used to personalize your donation record.\" rel=\"tooltip\"><i class=\"give-icon give-icon-question\"><\/i><\/span>\t\t\t<\/label>\n\t\t\t<input\n\t\t\t\tclass=\"give-input required\"\n\t\t\t\ttype=\"text\"\n\t\t\t\tname=\"give_first\"\n\t\t\t\tautocomplete=\"given-name\"\n\t\t\t\tplaceholder=\"\u05e9\u05dd\"\n\t\t\t\tid=\"give-first\"\n\t\t\t\tvalue=\"\"\n\t\t\t\t\t\t\t\/>\n\t\t<\/p>\n\n\t\t<p id=\"give-last-name-wrap\" class=\"form-row form-row-last form-row-responsive\">\n\t\t\t<label class=\"give-label\" for=\"give-last\">\n\t\t\t\t\u05e9\u05dd \u05de\u05e9\u05e4\u05d7\u05d4\t\t\t\t\t\t\t\t<span class=\"give-tooltip hint--top hint--medium hint--bounce\" aria-label=\"Last Name is used to personalize your donation record.\" rel=\"tooltip\"><i class=\"give-icon give-icon-question\"><\/i><\/span>\t\t\t<\/label>\n\n\t\t\t<input\n\t\t\t\tclass=\"give-input\"\n\t\t\t\ttype=\"text\"\n\t\t\t\tname=\"give_last\"\n\t\t\t\tautocomplete=\"family-name\"\n\t\t\t\tid=\"give-last\"\n\t\t\t\tplaceholder=\"\u05e9\u05dd \u05de\u05e9\u05e4\u05d7\u05d4\"\n\t\t\t\tvalue=\"\"\n\t\t\t\t\t\t\t\/>\n\t\t<\/p>\n\n\t\t\t\t\t\t\t\t<p id=\"give-company-wrap\" class=\"form-row form-row-wide\">\n\t\t\t\t<label class=\"give-label\" for=\"give-company\">\n\t\t\t\t\t\u05e9\u05dd \u05d4\u05d7\u05d1\u05e8\u05d4\t\t\t\t\t\t\t\t\t\t<span class=\"give-tooltip hint--top hint--bounce\" aria-label=\"Donate on behalf of Company\" rel=\"tooltip\"><i class=\"give-icon give-icon-question\"><\/i><\/span>\t\t\t\t<\/label>\n\t\t\t\t<input\n\t\t\t\t\tclass=\"give-input\"\n\t\t\t\t\ttype=\"text\"\n\t\t\t\t\tname=\"give_company_name\"\n\t\t\t\t\tplaceholder=\"\u05e9\u05dd \u05d4\u05d7\u05d1\u05e8\u05d4\"\n\t\t\t\t\tid=\"give-company\"\n\t\t\t\t\tvalue=\"\"\n\t\t\t\t\t\t\t\t\t\/>\n\t\t\t<\/p>\n\t\t\n\t\t\t\t<p id=\"give-email-wrap\" class=\"form-row form-row-wide\">\n\t\t\t<label class=\"give-label\" for=\"give-email\">\n\t\t\t\t\u05db\u05ea\u05d5\u05d1\u05ea \u05d0\u05d9\u05de\u05d9\u05d9\u05dc\t\t\t\t\t\t\t\t<span class=\"give-tooltip hint--top hint--bounce\" aria-label=\"\u05d0\u05e0\u05d5 \u05e0\u05e9\u05dc\u05d7 \u05d0\u05ea \u05d4\u05e7\u05d1\u05dc\u05d4 \u05dc\u05db\u05ea\u05d5\u05d1\u05ea \u05d6\u05d5.\" rel=\"tooltip\"><i class=\"give-icon give-icon-question\"><\/i><\/span>\t\t\t<\/label>\n\t\t\t<input\n\t\t\t\tclass=\"give-input required\"\n\t\t\t\ttype=\"email\"\n\t\t\t\tname=\"give_email\"\n\t\t\t\tautocomplete=\"email\"\n\t\t\t\tplaceholder=\"\u05db\u05ea\u05d5\u05d1\u05ea \u05d0\u05d9\u05de\u05d9\u05d9\u05dc\"\n\t\t\t\tid=\"give-email\"\n\t\t\t\tvalue=\"\"\n\t\t\t\t\t\t\t\/>\n\n\t\t<\/p>\n\n\t\t\n\t\t\t\t\t<p id=\"give-comment-wrap\" class=\"form-row form-row-wide\">\n\t\t\t\t<label class=\"give-label\" for=\"give-comment\">\n\t\t\t\t\t\u05ea\u05d2\u05d5\u05d1\u05d4\t\t\t\t\t\t\t\t\t\t<span class=\"give-tooltip hint--top hint--bounce\" aria-label=\"\u05d4\u05d0\u05dd \u05ea\u05e8\u05e6\u05d4 \u05dc\u05d4\u05d5\u05e1\u05d9\u05e3 \u05d4\u05e2\u05e8\u05d4 \u05e2\u05d1\u05d5\u05e8 \u05ea\u05e8\u05d5\u05de\u05d4 \u05d6\u05d5?\" rel=\"tooltip\"><i class=\"give-icon give-icon-question\"><\/i><\/span>\t\t\t\t<\/label>\n\n\t\t\t\t<textarea\n\t\t\t\t\tclass=\"give-input\"\n\t\t\t\t\tname=\"give_comment\"\n\t\t\t\t\tplaceholder=\"Leave a comment\"\n\t\t\t\t\tid=\"give-comment\"\n\t\t\t\t\t\t\t\t\t><\/textarea>\n\n\t\t\t<\/p>\n\t\t\t\t\t<p id=\"give-email-wrap\" class=\"form-row form-row-wide\">\r\n\t\t<label class=\"give-label\" for=\"give-email\">\r\n\t\t\tT\u00e9l\u00e9phone\t\t\t\/** *\/\r\n\t\t\t<span class=\"give-tooltip hint--top hint--medium hint--bounce\" aria-label=\"We will use this as well to personalize your account experience.\" rel=\"tooltip\"><i class=\"give-icon give-icon-question\"><\/i><\/span>\t\t<\/label>\r\n\r\n\t\t<input\r\n\t\t\ttype=\"text\"\r\n\t\t\tname=\"give_phone\"\r\n\t\t\tautocomplete=\"phone\"\r\n\t\t\tplaceholder=\"T\u00e9l\u00e9phone\"\r\n\t\t\tid=\"give-email\"\r\n\t\t\tvalue=\"\"\r\n\t\t>\r\n\r\n\t<\/p>\r\n\t\t<\/fieldset>\n\t\t<fieldset class=\"no-fields\" id=\"give_offline_payment_info\">\n\t\t<blockquote><p>Toutes les contributions seront appr\u00e9ci\u00e9es et sont d\u00e9ductibles d'imp\u00f4t<\/p>\n<p>Pour faire un don hors ligne, nous vous demandons de bien vouloir suivre les instructions en fonction du mode de paiement que vous choisissez<\/p><\/blockquote>\n<div class=\"horsligne\">\n<h2>FRANCE<\/h2>\n<h3 style=\"text-align: center\">Cheque<\/h3>\n<p>Ch\u00e8que \u00e0 l'ordre de \u00abASSOCIATION RABENOU\u00bb \u00e0 envoyer \u00e0 l'adresse suivante:<\/p>\n<pre>ASSOCIATION RABENOU - Yeshiva Beth Yossef Domaine de S\u00e9ricourt, 77750 Bussieres, France<\/pre>\n<h3 style=\"text-align: center\">Virement<\/h3>\n<p>International bank account number (IBAN): FR76 1010 7003 5400 4220 4543 425<\/p>\n<h3 style=\"text-align: center\">Pr\u00e9l\u00e8vement SEPA<\/h3>\n<p>T\u00e9l\u00e9chargez et compl\u00e9tez les 2 documents ci-dessous, puis envoyez-les par Email ou par courrier:<\/p>\n<ol>\n<li><a href=\"https:\/\/bethyossef.fr\/mandat_rabenou-sepa\/\" target=\"blank\">SEPA Direct Debit Mandate<\/a><\/li>\n<li><a href=\"https:\/\/bethyossef.fr\/autorisation-de-prelevement\/\" target=\"blank\">Bank debit authorization<\/a><\/li>\n<\/ol>\n<\/div>\n<div class=\"horsligne\">\n<h2>UNITED STATES<\/h2>\n<p>Yeshiva of Novhardok<br \/>\n5014 16th Avenue, Suite 558<br \/>\nBrooklyn NY 11204<br \/>\nTax ID number: 42-1578803<br \/>\nPhone number 1-917-727-4541<br \/>\nCapital one bank<br \/>\n4612 13th Ave, Brooklyn, NY 11219<br \/>\nRouting number: 065000090<br \/>\nSwift code: HIBKUS44<br \/>\nAccount number: 7528124172<\/p>\n<\/div>\n<div class=\"horsligne\">\n<h2>ISRAEL<\/h2>\n<p>\u05e2\u05de\u05d5\u05ea\u05ea \u05d1\u05d9\u05ea \u05d9\u05d5\u05e1\u05e3 \u05e0\u05d5\u05d1\u05d4\u05e8\u05d3\u05d5\u05e7 \u05e2\"\u05e8 0000<br \/>\n\u05d0\u05e6\u05dc \u05d4\u05e8\u05d1 \u05d9\u05e4\u05ea \u05d9\u05d4\u05d5\u05e8\u05dd<br \/>\n\u05e8\u05d7\u05d5\u05d1 \u05e4\u05e8\u05dc \u05d7\u05d9\u05d9\u05dd 27\/8<br \/>\n\u05d1\u05e0\u05d9 \u05d1\u05e8\u05e7 5130619<br \/>\n00972548484999<br \/>\n\u05e4\u05d9\u05e8\u05d8\u05d9 \u05d7\u05e9\u05d1\u05d5\u05df<br \/>\n\u05d1\u05e0\u05e7 \u05e4\u05d0\u05d2\u05d9<br \/>\n\u05e1\u05e0\u05d9\u05e3 188<br \/>\n\u05de\u05e1 \u05d7\u05e9\u05e9\u05d1\u05d5\u05df 568031<\/p>\n<\/div>\n\t<\/fieldset>\n\t<div id=\"give-stripe-payment-errors-15063-1\"><\/div>\t<fieldset id=\"give_purchase_submit\" class=\"give-donation-submit\">\n\t\t\t<p id=\"give-final-total-wrap\" class=\"form-wrap \">\n\t\t\t\t<span class=\"give-donation-total-label\">\n\t\t\t\u05e1\u05d4&quot;\u05db \u05ea\u05e8\u05d5\u05de\u05d4:\t\t<\/span>\n\t\t<span class=\"give-final-total-amount\"\n\t\t\t  data-total=\"50\">\n\t\t\t50&euro;\t\t<\/span>\n\t\t\t<\/p>\n\t\t<input type=\"hidden\" name=\"give_action\" value=\"purchase\"\/>\n\t<input type=\"hidden\" name=\"give-gateway\" value=\"offline\"\/>\n\t\t<div class=\"give-submit-button-wrap give-clearfix\">\n\t\t<input type=\"submit\" class=\"give-submit give-btn\" id=\"give-purchase-button\" name=\"give-purchase\"\n\t\t\t   value=\"\u05e9\u05dc\u05d7 \u05d0\u05ea \u05d4\u05ea\u05e8\u05d5\u05de\u05d4 \u05e9\u05dc\u05da\" data-before-validation-label=\"\u05e9\u05dc\u05d7 \u05d0\u05ea \u05d4\u05ea\u05e8\u05d5\u05de\u05d4 \u05e9\u05dc\u05da\"\/>\n\t\t<span class=\"give-loading-animation\"><\/span>\n\t<\/div>\n\t\t<\/fieldset>\n\t\n\t<\/div>\n\n\t\t\t\t<\/form>\n\n\t\t\t\n\t<\/div><!--end #give-form-15063-->\n\t[\/vc_column_text][\/vc_column][\/vc_row]<\/p>\n","protected":false},"excerpt":{"rendered":"<p>[vc_row content_placement=&quot;bottom&quot; type=&quot;image&quot; bg_position=&quot;bottom&quot; bg_position_horizontal=&quot;center&quot; bg_attachment=&quot;true&quot; vertical_align=&quot;yes&quot; min_height=&quot;400px&quot; bg_image=&quot;13172&quot;][vc_column][vc_column_text css=&quot;.vc_custom_1535273141249{margin-top: 200px !important;}&quot;] \u05dc\u05ea\u05e8\u05d5\u05dd \u05db\u05d3\u05d9 \u05dc\u05ea\u05de\u05d5\u05da \u05d1\u05d9\u05e9\u05d9\u05d1\u05ea \u05d1\u05d9\u05ea \u05d9\u05d5\u05e1\u05e3 [\/vc_column_text][\/vc_column][\/vc_row][vc_row][vc_column][vc_column_text][\/vc_column_text][\/vc_column][\/vc_row]<\/p>\n","protected":false},"author":3,"featured_media":14187,"parent":0,"menu_order":0,"comment_status":"closed","ping_status":"closed","template":"","meta":[],"yoast_head":"<!-- This site is optimized with the Yoast SEO plugin v20.1 - https:\/\/yoast.com\/wordpress\/plugins\/seo\/ -->\n<title>\u05ea\u05e8\u05d5\u05de\u05d5\u05ea - Yeshiva Beth Yossef<\/title>\n<meta name=\"robots\" content=\"index, follow, max-snippet:-1, max-image-preview:large, max-video-preview:-1\" \/>\n<link rel=\"canonical\" href=\"https:\/\/bethyossef.fr\/he\/\u05ea\u05e8\u05d5\u05de\u05d4\/\" \/>\n<meta property=\"og:locale\" content=\"he_IL\" \/>\n<meta property=\"og:type\" content=\"article\" \/>\n<meta property=\"og:title\" content=\"\u05ea\u05e8\u05d5\u05de\u05d5\u05ea - Yeshiva Beth Yossef\" \/>\n<meta property=\"og:description\" content=\"[vc_row content_placement=&quot;bottom&quot; type=&quot;image&quot; bg_position=&quot;bottom&quot; bg_position_horizontal=&quot;center&quot; bg_attachment=&quot;true&quot; vertical_align=&quot;yes&quot; min_height=&quot;400px&quot; bg_image=&quot;13172&quot;][vc_column][vc_column_text css=&quot;.vc_custom_1535273141249{margin-top: 200px !important;}&quot;] \u05dc\u05ea\u05e8\u05d5\u05dd \u05db\u05d3\u05d9 \u05dc\u05ea\u05de\u05d5\u05da \u05d1\u05d9\u05e9\u05d9\u05d1\u05ea \u05d1\u05d9\u05ea \u05d9\u05d5\u05e1\u05e3 [\/vc_column_text][\/vc_column][\/vc_row][vc_row][vc_column][vc_column_text][\/vc_column_text][\/vc_column][\/vc_row]\" \/>\n<meta property=\"og:url\" content=\"https:\/\/bethyossef.fr\/he\/\u05ea\u05e8\u05d5\u05de\u05d4\/\" \/>\n<meta property=\"og:site_name\" content=\"Yeshiva Beth Yossef\" \/>\n<meta property=\"article:modified_time\" content=\"2019-02-12T12:22:35+00:00\" \/>\n<meta property=\"og:image\" content=\"https:\/\/bethyossef.fr\/wp-content\/uploads\/2018\/06\/etude-23.jpg\" \/>\n\t<meta property=\"og:image:width\" content=\"1626\" \/>\n\t<meta property=\"og:image:height\" content=\"1080\" \/>\n\t<meta property=\"og:image:type\" content=\"image\/jpeg\" \/>\n<meta name=\"twitter:card\" content=\"summary_large_image\" \/>\n<script type=\"application\/ld+json\" class=\"yoast-schema-graph\">{\"@context\":\"https:\/\/schema.org\",\"@graph\":[{\"@type\":\"WebPage\",\"@id\":\"https:\/\/bethyossef.fr\/he\/%d7%aa%d7%a8%d7%95%d7%9e%d7%94\/\",\"url\":\"https:\/\/bethyossef.fr\/he\/%d7%aa%d7%a8%d7%95%d7%9e%d7%94\/\",\"name\":\"\u05ea\u05e8\u05d5\u05de\u05d5\u05ea - Yeshiva Beth Yossef\",\"isPartOf\":{\"@id\":\"https:\/\/bethyossef.fr\/#website\"},\"datePublished\":\"2018-11-11T12:08:57+00:00\",\"dateModified\":\"2019-02-12T12:22:35+00:00\",\"breadcrumb\":{\"@id\":\"https:\/\/bethyossef.fr\/he\/%d7%aa%d7%a8%d7%95%d7%9e%d7%94\/#breadcrumb\"},\"inLanguage\":\"he-IL\",\"potentialAction\":[{\"@type\":\"ReadAction\",\"target\":[\"https:\/\/bethyossef.fr\/he\/%d7%aa%d7%a8%d7%95%d7%9e%d7%94\/\"]}]},{\"@type\":\"BreadcrumbList\",\"@id\":\"https:\/\/bethyossef.fr\/he\/%d7%aa%d7%a8%d7%95%d7%9e%d7%94\/#breadcrumb\",\"itemListElement\":[{\"@type\":\"ListItem\",\"position\":1,\"name\":\"Accueil\",\"item\":\"https:\/\/bethyossef.fr\/he\/\"},{\"@type\":\"ListItem\",\"position\":2,\"name\":\"\u05ea\u05e8\u05d5\u05de\u05d5\u05ea\"}]},{\"@type\":\"WebSite\",\"@id\":\"https:\/\/bethyossef.fr\/#website\",\"url\":\"https:\/\/bethyossef.fr\/\",\"name\":\"Yeshiva Beth Yossef\",\"description\":\"Etude, Pri\u00e8re &amp; Activit\u00e9s\",\"potentialAction\":[{\"@type\":\"SearchAction\",\"target\":{\"@type\":\"EntryPoint\",\"urlTemplate\":\"https:\/\/bethyossef.fr\/?s={search_term_string}\"},\"query-input\":\"required name=search_term_string\"}],\"inLanguage\":\"he-IL\"}]}<\/script>\n<!-- \/ Yoast SEO plugin. -->","yoast_head_json":{"title":"\u05ea\u05e8\u05d5\u05de\u05d5\u05ea - Yeshiva Beth Yossef","robots":{"index":"index","follow":"follow","max-snippet":"max-snippet:-1","max-image-preview":"max-image-preview:large","max-video-preview":"max-video-preview:-1"},"canonical":"https:\/\/bethyossef.fr\/he\/\u05ea\u05e8\u05d5\u05de\u05d4\/","og_locale":"he_IL","og_type":"article","og_title":"\u05ea\u05e8\u05d5\u05de\u05d5\u05ea - Yeshiva Beth Yossef","og_description":"[vc_row content_placement=&quot;bottom&quot; type=&quot;image&quot; bg_position=&quot;bottom&quot; bg_position_horizontal=&quot;center&quot; bg_attachment=&quot;true&quot; vertical_align=&quot;yes&quot; min_height=&quot;400px&quot; bg_image=&quot;13172&quot;][vc_column][vc_column_text css=&quot;.vc_custom_1535273141249{margin-top: 200px !important;}&quot;] \u05dc\u05ea\u05e8\u05d5\u05dd \u05db\u05d3\u05d9 \u05dc\u05ea\u05de\u05d5\u05da \u05d1\u05d9\u05e9\u05d9\u05d1\u05ea \u05d1\u05d9\u05ea \u05d9\u05d5\u05e1\u05e3 [\/vc_column_text][\/vc_column][\/vc_row][vc_row][vc_column][vc_column_text][\/vc_column_text][\/vc_column][\/vc_row]","og_url":"https:\/\/bethyossef.fr\/he\/\u05ea\u05e8\u05d5\u05de\u05d4\/","og_site_name":"Yeshiva Beth Yossef","article_modified_time":"2019-02-12T12:22:35+00:00","og_image":[{"width":1626,"height":1080,"url":"https:\/\/bethyossef.fr\/wp-content\/uploads\/2018\/06\/etude-23.jpg","type":"image\/jpeg"}],"twitter_card":"summary_large_image","schema":{"@context":"https:\/\/schema.org","@graph":[{"@type":"WebPage","@id":"https:\/\/bethyossef.fr\/he\/%d7%aa%d7%a8%d7%95%d7%9e%d7%94\/","url":"https:\/\/bethyossef.fr\/he\/%d7%aa%d7%a8%d7%95%d7%9e%d7%94\/","name":"\u05ea\u05e8\u05d5\u05de\u05d5\u05ea - Yeshiva Beth Yossef","isPartOf":{"@id":"https:\/\/bethyossef.fr\/#website"},"datePublished":"2018-11-11T12:08:57+00:00","dateModified":"2019-02-12T12:22:35+00:00","breadcrumb":{"@id":"https:\/\/bethyossef.fr\/he\/%d7%aa%d7%a8%d7%95%d7%9e%d7%94\/#breadcrumb"},"inLanguage":"he-IL","potentialAction":[{"@type":"ReadAction","target":["https:\/\/bethyossef.fr\/he\/%d7%aa%d7%a8%d7%95%d7%9e%d7%94\/"]}]},{"@type":"BreadcrumbList","@id":"https:\/\/bethyossef.fr\/he\/%d7%aa%d7%a8%d7%95%d7%9e%d7%94\/#breadcrumb","itemListElement":[{"@type":"ListItem","position":1,"name":"Accueil","item":"https:\/\/bethyossef.fr\/he\/"},{"@type":"ListItem","position":2,"name":"\u05ea\u05e8\u05d5\u05de\u05d5\u05ea"}]},{"@type":"WebSite","@id":"https:\/\/bethyossef.fr\/#website","url":"https:\/\/bethyossef.fr\/","name":"Yeshiva Beth Yossef","description":"Etude, Pri\u00e8re &amp; Activit\u00e9s","potentialAction":[{"@type":"SearchAction","target":{"@type":"EntryPoint","urlTemplate":"https:\/\/bethyossef.fr\/?s={search_term_string}"},"query-input":"required name=search_term_string"}],"inLanguage":"he-IL"}]}},"_links":{"self":[{"href":"https:\/\/bethyossef.fr\/he\/wp-json\/wp\/v2\/pages\/14088"}],"collection":[{"href":"https:\/\/bethyossef.fr\/he\/wp-json\/wp\/v2\/pages"}],"about":[{"href":"https:\/\/bethyossef.fr\/he\/wp-json\/wp\/v2\/types\/page"}],"author":[{"embeddable":true,"href":"https:\/\/bethyossef.fr\/he\/wp-json\/wp\/v2\/users\/3"}],"replies":[{"embeddable":true,"href":"https:\/\/bethyossef.fr\/he\/wp-json\/wp\/v2\/comments?post=14088"}],"version-history":[{"count":12,"href":"https:\/\/bethyossef.fr\/he\/wp-json\/wp\/v2\/pages\/14088\/revisions"}],"predecessor-version":[{"id":15744,"href":"https:\/\/bethyossef.fr\/he\/wp-json\/wp\/v2\/pages\/14088\/revisions\/15744"}],"wp:featuredmedia":[{"embeddable":true,"href":"https:\/\/bethyossef.fr\/he\/wp-json\/wp\/v2\/media\/14187"}],"wp:attachment":[{"href":"https:\/\/bethyossef.fr\/he\/wp-json\/wp\/v2\/media?parent=14088"}],"curies":[{"name":"wp","href":"https:\/\/api.w.org\/{rel}","templated":true}]}}