{"id":15286,"date":"2018-12-24T10:25:59","date_gmt":"2018-12-24T09:25:59","guid":{"rendered":"https:\/\/bethyossef.fr\/ski-2019\/"},"modified":"2020-12-22T10:38:29","modified_gmt":"2020-12-22T09:38:29","slug":"ski-2021","status":"publish","type":"page","link":"https:\/\/bethyossef.fr\/en\/ski-2021\/","title":{"rendered":"Ski 2021"},"content":{"rendered":"<p>[vc_row][vc_column width=&#8221;1\/2&#8243;][vc_single_image image=&#8221;18886&#8243; img_size=&#8221;full&#8221; alignment=&#8221;center&#8221; style=&#8221;vc_box_shadow&#8221;][\/vc_column][vc_column width=&#8221;1\/2&#8243;][vc_video link=&#8221;https:\/\/youtu.be\/fs-gSCfTJEQ&#8221;][\/vc_column][\/vc_row][vc_row section_type=&#8221;alternate&#8221; type=&#8221;image&#8221; bg_image=&#8221;16514&#8243;][vc_column width=&#8221;1\/2&#8243;][vc_column_text]Chers amis,<\/p>\n<p>&nbsp;<\/p>\n<p>Cette ann\u00e9e encore, la <em>Y\u00e9chiva Beth Yossef<\/em> de Bussi\u00e8res s\u2019appr\u00eate \u00e0 offrir \u00e0 ses \u00e9tudiants un s\u00e9jour au ski, \u00e0 la station-village de Courchevel.<\/p>\n<p>Ce sont ainsi 100 jeunes, en plus de l\u2019\u00e9quipe p\u00e9dagogique constitu\u00e9e des Rabbanim et de leur famille, qui \u00a0viendront se ressourcer pendant une semaine afin de pouvoir aborder le reste de l\u2019ann\u00e9e avec joie et entrain.<\/p>\n<p>Si le rythme de toute <em>Y\u00e9chiva<\/em> est soutenu, \u00e0 <em>Beth Yossef<\/em> la chose est encore plus palpable. Aussi bien les enseignants que les \u00e9l\u00e8ves donnent chaque jour le meilleur d\u2019eux-m\u00eames afin de s\u2019\u00e9lever toujours plus dans l\u2019\u00e9tude de la Torah et la crainte du Ciel. Un tel s\u00e9jour, organis\u00e9 dans des conditions optimales et dont chaque d\u00e9tail est soigneusement pens\u00e9, est indispensable afin de permettre \u00e0 ces jeunes de se ressourcer et reprendre leurs \u00e9tudes dans les meilleures dispositions.<\/p>\n<p>A cet effet, la <em>Y\u00e9chiva<\/em> loue chaque ann\u00e9e un vaste chalet constitu\u00e9 de 120 couchages, d\u2019un grand r\u00e9fectoire et d\u2019une salle pour \u00e9tudier et prier. Des repas chauds, riches et copieux sont servis tout au long du s\u00e9jour. Des activit\u00e9s de qualit\u00e9 sont \u00e9galement propos\u00e9es.<\/p>\n<p>Le co\u00fbt total du s\u00e9jour par \u00e9tudiant, transport compris, est de 650 Euros, dont seuls 300 sont pris en charge par les familles (les jeunes proviennent g\u00e9n\u00e9ralement de milieux modestes). Il reste donc 350 Euros par \u00e9tudiant \u00e0 la charge de la <em>Y\u00e9chiva<\/em>. Cette somme est \u00e0 multiplier par 100 \u00e9tudiants\u00a0!<\/p>\n<p>[\/vc_column_text][\/vc_column][vc_column css_animation=&#8221;zoomIn&#8221; width=&#8221;1\/2&#8243;][vc_images_carousel images=&#8221;15652,18724,18685,18679,18682,18688,15649&#8243; img_size=&#8221;full&#8221; speed=&#8221;2000&#8243; autoplay=&#8221;yes&#8221;][vc_column_text]Chers amis, nous faisons de nouveau appel \u00e0 votre g\u00e9n\u00e9rosit\u00e9 afin de pouvoir offrir \u00e0 ces jeunes la possibilit\u00e9 de se ressourcer et pouvoir reprendre le chemin du <em>Beth Hamidrach<\/em> avec des forces renouvel\u00e9es. Comme \u00e0 chaque occasion, nous savons que nous pouvons cette fois encore compter sur votre g\u00e9n\u00e9reux soutien\u00a0!<\/p>\n<p>Puisse le m\u00e9rite de la Torah \u00e9tudi\u00e9e dans la joie vous revenir et vous assurer toutes les b\u00e9n\u00e9dictions, Amen ![\/vc_column_text][\/vc_column][\/vc_row][vc_row section_type=&#8221;socket&#8221;][vc_column width=&#8221;3\/4&#8243;][vc_column_text][\/vc_column_text][\/vc_column][\/vc_row]<\/p>\n","protected":false},"excerpt":{"rendered":"<p>[vc_row][vc_column width=&#8221;1\/2&#8243;][vc_single_image image=&#8221;18886&#8243; img_size=&#8221;full&#8221; alignment=&#8221;center&#8221; style=&#8221;vc_box_shadow&#8221;][\/vc_column][vc_column width=&#8221;1\/2&#8243;][vc_video link=&#8221;https:\/\/youtu.be\/fs-gSCfTJEQ&#8221;][\/vc_column][\/vc_row][vc_row section_type=&#8221;alternate&#8221; type=&#8221;image&#8221; bg_image=&#8221;16514&#8243;][vc_column width=&#8221;1\/2&#8243;][vc_column_text]Chers amis, &nbsp; Cette ann\u00e9e encore, la Y\u00e9chiva Beth Yossef de Bussi\u00e8res s\u2019appr\u00eate \u00e0 offrir \u00e0 ses \u00e9tudiants un s\u00e9jour au ski, \u00e0 la station-village de Courchevel. Ce sont ainsi 100 jeunes, en plus de l\u2019\u00e9quipe p\u00e9dagogique constitu\u00e9e des Rabbanim et de leur famille, qui \u00a0viendront se ressourcer pendant [&hellip;]<\/p>\n","protected":false},"author":3,"featured_media":0,"parent":0,"menu_order":0,"comment_status":"closed","ping_status":"closed","template":"","meta":[],"yoast_head":"<!-- This site is optimized with the Yoast SEO plugin v20.1 - https:\/\/yoast.com\/wordpress\/plugins\/seo\/ -->\n<title>Ski 2021 - Yeshiva Beth Yossef<\/title>\n<meta name=\"robots\" content=\"index, follow, max-snippet:-1, max-image-preview:large, max-video-preview:-1\" \/>\n<link rel=\"canonical\" href=\"https:\/\/bethyossef.fr\/en\/ski-2021\/\" \/>\n<meta property=\"og:locale\" content=\"en_US\" \/>\n<meta property=\"og:type\" content=\"article\" \/>\n<meta property=\"og:title\" content=\"Ski 2021 - Yeshiva Beth Yossef\" \/>\n<meta property=\"og:description\" content=\"[vc_row][vc_column width=&#8221;1\/2&#8243;][vc_single_image image=&#8221;18886&#8243; img_size=&#8221;full&#8221; alignment=&#8221;center&#8221; style=&#8221;vc_box_shadow&#8221;][\/vc_column][vc_column width=&#8221;1\/2&#8243;][vc_video link=&#8221;https:\/\/youtu.be\/fs-gSCfTJEQ&#8221;][\/vc_column][\/vc_row][vc_row section_type=&#8221;alternate&#8221; type=&#8221;image&#8221; bg_image=&#8221;16514&#8243;][vc_column width=&#8221;1\/2&#8243;][vc_column_text]Chers amis, &nbsp; Cette ann\u00e9e encore, la Y\u00e9chiva Beth Yossef de Bussi\u00e8res s\u2019appr\u00eate \u00e0 offrir \u00e0 ses \u00e9tudiants un s\u00e9jour au ski, \u00e0 la station-village de Courchevel. Ce sont ainsi 100 jeunes, en plus de l\u2019\u00e9quipe p\u00e9dagogique constitu\u00e9e des Rabbanim et de leur famille, qui \u00a0viendront se ressourcer pendant [&hellip;]\" \/>\n<meta property=\"og:url\" content=\"https:\/\/bethyossef.fr\/en\/ski-2021\/\" \/>\n<meta property=\"og:site_name\" content=\"Yeshiva Beth Yossef\" \/>\n<meta property=\"article:modified_time\" content=\"2020-12-22T09:38:29+00:00\" \/>\n<meta name=\"twitter:card\" content=\"summary_large_image\" \/>\n<meta name=\"twitter:label1\" content=\"Est. reading time\" \/>\n\t<meta name=\"twitter:data1\" content=\"2 minutes\" \/>\n<script type=\"application\/ld+json\" class=\"yoast-schema-graph\">{\"@context\":\"https:\/\/schema.org\",\"@graph\":[{\"@type\":\"WebPage\",\"@id\":\"https:\/\/bethyossef.fr\/en\/ski-2021\/\",\"url\":\"https:\/\/bethyossef.fr\/en\/ski-2021\/\",\"name\":\"Ski 2021 - Yeshiva Beth Yossef\",\"isPartOf\":{\"@id\":\"https:\/\/bethyossef.fr\/#website\"},\"datePublished\":\"2018-12-24T09:25:59+00:00\",\"dateModified\":\"2020-12-22T09:38:29+00:00\",\"breadcrumb\":{\"@id\":\"https:\/\/bethyossef.fr\/en\/ski-2021\/#breadcrumb\"},\"inLanguage\":\"en-US\",\"potentialAction\":[{\"@type\":\"ReadAction\",\"target\":[\"https:\/\/bethyossef.fr\/en\/ski-2021\/\"]}]},{\"@type\":\"BreadcrumbList\",\"@id\":\"https:\/\/bethyossef.fr\/en\/ski-2021\/#breadcrumb\",\"itemListElement\":[{\"@type\":\"ListItem\",\"position\":1,\"name\":\"Accueil\",\"item\":\"https:\/\/bethyossef.fr\/en\/\"},{\"@type\":\"ListItem\",\"position\":2,\"name\":\"Ski 2021\"}]},{\"@type\":\"WebSite\",\"@id\":\"https:\/\/bethyossef.fr\/#website\",\"url\":\"https:\/\/bethyossef.fr\/\",\"name\":\"Yeshiva Beth Yossef\",\"description\":\"Etude, Pri\u00e8re &amp; Activit\u00e9s\",\"potentialAction\":[{\"@type\":\"SearchAction\",\"target\":{\"@type\":\"EntryPoint\",\"urlTemplate\":\"https:\/\/bethyossef.fr\/?s={search_term_string}\"},\"query-input\":\"required name=search_term_string\"}],\"inLanguage\":\"en-US\"}]}<\/script>\n<!-- \/ Yoast SEO plugin. -->","yoast_head_json":{"title":"Ski 2021 - Yeshiva Beth Yossef","robots":{"index":"index","follow":"follow","max-snippet":"max-snippet:-1","max-image-preview":"max-image-preview:large","max-video-preview":"max-video-preview:-1"},"canonical":"https:\/\/bethyossef.fr\/en\/ski-2021\/","og_locale":"en_US","og_type":"article","og_title":"Ski 2021 - Yeshiva Beth Yossef","og_description":"[vc_row][vc_column width=&#8221;1\/2&#8243;][vc_single_image image=&#8221;18886&#8243; img_size=&#8221;full&#8221; alignment=&#8221;center&#8221; style=&#8221;vc_box_shadow&#8221;][\/vc_column][vc_column width=&#8221;1\/2&#8243;][vc_video link=&#8221;https:\/\/youtu.be\/fs-gSCfTJEQ&#8221;][\/vc_column][\/vc_row][vc_row section_type=&#8221;alternate&#8221; type=&#8221;image&#8221; bg_image=&#8221;16514&#8243;][vc_column width=&#8221;1\/2&#8243;][vc_column_text]Chers amis, &nbsp; Cette ann\u00e9e encore, la Y\u00e9chiva Beth Yossef de Bussi\u00e8res s\u2019appr\u00eate \u00e0 offrir \u00e0 ses \u00e9tudiants un s\u00e9jour au ski, \u00e0 la station-village de Courchevel. Ce sont ainsi 100 jeunes, en plus de l\u2019\u00e9quipe p\u00e9dagogique constitu\u00e9e des Rabbanim et de leur famille, qui \u00a0viendront se ressourcer pendant [&hellip;]","og_url":"https:\/\/bethyossef.fr\/en\/ski-2021\/","og_site_name":"Yeshiva Beth Yossef","article_modified_time":"2020-12-22T09:38:29+00:00","twitter_card":"summary_large_image","twitter_misc":{"Est. reading time":"2 minutes"},"schema":{"@context":"https:\/\/schema.org","@graph":[{"@type":"WebPage","@id":"https:\/\/bethyossef.fr\/en\/ski-2021\/","url":"https:\/\/bethyossef.fr\/en\/ski-2021\/","name":"Ski 2021 - Yeshiva Beth Yossef","isPartOf":{"@id":"https:\/\/bethyossef.fr\/#website"},"datePublished":"2018-12-24T09:25:59+00:00","dateModified":"2020-12-22T09:38:29+00:00","breadcrumb":{"@id":"https:\/\/bethyossef.fr\/en\/ski-2021\/#breadcrumb"},"inLanguage":"en-US","potentialAction":[{"@type":"ReadAction","target":["https:\/\/bethyossef.fr\/en\/ski-2021\/"]}]},{"@type":"BreadcrumbList","@id":"https:\/\/bethyossef.fr\/en\/ski-2021\/#breadcrumb","itemListElement":[{"@type":"ListItem","position":1,"name":"Accueil","item":"https:\/\/bethyossef.fr\/en\/"},{"@type":"ListItem","position":2,"name":"Ski 2021"}]},{"@type":"WebSite","@id":"https:\/\/bethyossef.fr\/#website","url":"https:\/\/bethyossef.fr\/","name":"Yeshiva Beth Yossef","description":"Etude, Pri\u00e8re &amp; Activit\u00e9s","potentialAction":[{"@type":"SearchAction","target":{"@type":"EntryPoint","urlTemplate":"https:\/\/bethyossef.fr\/?s={search_term_string}"},"query-input":"required name=search_term_string"}],"inLanguage":"en-US"}]}},"_links":{"self":[{"href":"https:\/\/bethyossef.fr\/en\/wp-json\/wp\/v2\/pages\/15286"}],"collection":[{"href":"https:\/\/bethyossef.fr\/en\/wp-json\/wp\/v2\/pages"}],"about":[{"href":"https:\/\/bethyossef.fr\/en\/wp-json\/wp\/v2\/types\/page"}],"author":[{"embeddable":true,"href":"https:\/\/bethyossef.fr\/en\/wp-json\/wp\/v2\/users\/3"}],"replies":[{"embeddable":true,"href":"https:\/\/bethyossef.fr\/en\/wp-json\/wp\/v2\/comments?post=15286"}],"version-history":[{"count":14,"href":"https:\/\/bethyossef.fr\/en\/wp-json\/wp\/v2\/pages\/15286\/revisions"}],"predecessor-version":[{"id":18890,"href":"https:\/\/bethyossef.fr\/en\/wp-json\/wp\/v2\/pages\/15286\/revisions\/18890"}],"wp:attachment":[{"href":"https:\/\/bethyossef.fr\/en\/wp-json\/wp\/v2\/media?parent=15286"}],"curies":[{"name":"wp","href":"https:\/\/api.w.org\/{rel}","templated":true}]}}