{"id":14151,"date":"2018-11-12T09:56:07","date_gmt":"2018-11-12T08:56:07","guid":{"rendered":"https:\/\/bethyossef.fr\/kapparot\/"},"modified":"2018-11-22T10:38:23","modified_gmt":"2018-11-22T09:38:23","slug":"kapparot","status":"publish","type":"page","link":"https:\/\/bethyossef.fr\/en\/kapparot\/","title":{"rendered":"Kapparot"},"content":{"rendered":"<p>[vc_row section_type=&#8221;socket&#8221;][vc_column width=&#8221;1\/4&#8243;][vc_single_image image=&#8221;13680&#8243;][\/vc_column][vc_column width=&#8221;1\/2&#8243;][vc_column_text]<\/p>\n<h3 style=\"text-align: center;\">BETH YOSSEF Yeshiva offers you to do your kapparots with the\u00a0rosh yeshiva Rav Nathan Yabra chlita<\/h3>\n<p>[\/vc_column_text][\/vc_column][vc_column width=&#8221;1\/4&#8243;][vc_single_image image=&#8221;13674&#8243; alignment=&#8221;right&#8221; style=&#8221;vc_box_shadow_3d&#8221;][\/vc_column][\/vc_row][vc_row][vc_column]<div class=\"text-center\"><a class=\"btn btn-special btn-highlight btn-xl btn-subtext\" href=\"https:\/\/bethyossef.fr\/donations\/kapparot\/\" style=\"border: none !important;\">I order my kapparot<small><\/small><\/a><\/div>[vc_column_text]Before the day of forgiveness, it is customary to perform a symbolic atonement of our sins and those of our loved ones, using a chicken that we turn around our heads and reciting an appropriate prayer.<\/p>\n<p>By the merit of the tzedakah (gift) we perform, <strong>we redeem our sins and ask Gd to atone for our sins.<\/strong><\/p>\n<p>Kapparot is done with a rooster, a fish or a sum of money equivalent to the numerical value of the word &#8220;life&#8221;<\/p>\n<p>Today, the custom is to make this act of Kapparot by giving the money that is used for the kapparot to the poor as tzedakah (Shulchan Arukh 605).[\/vc_column_text][vc_column_text]<\/p>\n<h5>DETAIL OF THE MITSVA<\/h5>\n<p>We take a rooster (the ladies take a hen and the pregnant women two hens and a rooster) which is rotated three times over the head, saying each time: &#8220;This will take my this, this will exchange me, this will be my atonement. He will go to death while I will go to a life of happiness and peace. &#8221;<\/p>\n<p>The poultry is then slaughtered according to the halachic ritual slaughtering procedure and its monetary value is given to the poor, or, and this is the most widespread practice today, the chicken itself is given to a charitable cause.<\/p>\n<p>We ask Gd that, in the event that we are destined to be the object of cruel decrees, they may be transferred to this chicken by the merit of the mitzvah of charity.[\/vc_column_text][vc_column_text][\/vc_column_text][vc_column_text]<\/p>\n<h5>THE MOMENT<\/h5>\n<p>Kapparot can be done at any time during the Ten Days of Penance (that is, between Rosh Hashanah and Yom Kippur), but the ideal time is the day before Yom Kippur shortly before dawn because then &#8220;a thread of divine goodness&#8221;vis reigns over the world.[\/vc_column_text][\/vc_column][\/vc_row][vc_row section_type=&#8221;alternate&#8221;][vc_column width=&#8221;1\/2&#8243;][vc_column_text]Benei\u00a0adam, yochv\u00e9 &#8216;hoshekh v\u00e9tsalmav\u00e8t, assirei \u2018oni ouvarzel, yotsiem me&#8217;hochekh vetsalmavet, oumosrot\u00e9h\u00e8me yenatek. Evilim mid\u00e9rekh, pich\u2019am oum\u00e9\u2019avonot\u00e9heme yit\u2019anou, kol okhel t\u00e9taev nafcham, vayaguiyou ad chaarei mavet. Vayiz\u2019akou el ado-na\u00ef batsar lahem, mim\u00e9tsoukoteih\u00e9me yochi\u2019\u00e9me. Yichla&#8217;h devaro v\u00e9yirpa\u00e8me, vimalet mich&#8217;hitotam.yodou lado-na\u00ef \u2018hasdo v\u00e9nifleotav livnei adam. Im yech alav malakh m\u00e9lits e&#8217;had mini alef l\u00e9haguid l\u00e9adam yochro. Vaye\u2019houn\u00e9nou vayomer : p\u00e9da\u00e9hou m\u00e9red\u00e9t cha\u2019hat matsati khofer.<\/p>\n<p>On a cock, men say :<\/p>\n<p>*Zeh &#8216;halifati, *zeh temourati, *zeh kaparati, zeh hatarnegol yelekh l\u00e9mita, vaani elekh le&#8217;ha\u00efm tovim aroukhim oulechalom.<\/p>\n<p>&nbsp;<\/p>\n<p>On a hen, women say :<\/p>\n<p>*Zot &#8216;halifati, *zot temourati, *zot kaparati, zot hatarnegol\u00e8te telekh l\u00e9mita, vaani elekh le&#8217;ha\u00efm tovim aroukhim oulechalom.<\/p>\n<p>&nbsp;<\/p>\n<p>By using money, men and women say :<\/p>\n<p>Zeh &#8216;halifati, zeh temourati, zeh kaparati, zeh hakessef yelekh litsedaka, vaani elekh le&#8217;ha\u00efm tovim aroukhim oulechalom.[\/vc_column_text][\/vc_column][vc_column width=&#8221;1\/2&#8243;][vc_column_text]The following text is recited :<\/p>\n<p><img decoding=\"async\" src=\"https:\/\/bethyossef.fr\/wp-content\/uploads\/2018\/09\/-e1536833418214.jpg\" \/><\/p>\n<p>[\/vc_column_text][\/vc_column][vc_column][\/vc_column][\/vc_row][vc_row][vc_column][vc_media_grid element_width=&#8221;2&#8243; gap=&#8221;2&#8243; item=&#8221;13245&#8243; grid_id=&#8221;vc_gid:1537093490095-fa60f161-32b6-7&#8243; include=&#8221;13670,13663,13641,13578,13569,13666&#8243;]<div class=\"text-center\"><a class=\"btn btn-special btn-highlight btn-xl btn-subtext\" href=\"https:\/\/bethyossef.fr\/donations\/kapparot\/\">I order my kapparot<small><\/small><\/a><\/div>[\/vc_column][\/vc_row]<\/p>\n","protected":false},"excerpt":{"rendered":"<p>[vc_row section_type=&#8221;socket&#8221;][vc_column width=&#8221;1\/4&#8243;][vc_single_image image=&#8221;13680&#8243;][\/vc_column][vc_column width=&#8221;1\/2&#8243;][vc_column_text] BETH YOSSEF Yeshiva offers you to do your kapparots with the\u00a0rosh yeshiva Rav Nathan Yabra chlita [\/vc_column_text][\/vc_column][vc_column width=&#8221;1\/4&#8243;][vc_single_image image=&#8221;13674&#8243; alignment=&#8221;right&#8221; style=&#8221;vc_box_shadow_3d&#8221;][\/vc_column][\/vc_row][vc_row][vc_column][vc_column_text]Before the day of forgiveness, it is customary to perform a symbolic atonement of our sins and those of our loved ones, using a chicken that we turn around our heads and reciting an appropriate [&hellip;]<\/p>\n","protected":false},"author":3,"featured_media":0,"parent":0,"menu_order":0,"comment_status":"closed","ping_status":"closed","template":"","meta":[],"yoast_head":"<!-- This site is optimized with the Yoast SEO plugin v20.1 - https:\/\/yoast.com\/wordpress\/plugins\/seo\/ -->\n<title>Kapparot - Yeshiva Beth Yossef<\/title>\n<meta name=\"robots\" content=\"index, follow, max-snippet:-1, max-image-preview:large, max-video-preview:-1\" \/>\n<link rel=\"canonical\" href=\"https:\/\/bethyossef.fr\/en\/kapparot\/\" \/>\n<meta property=\"og:locale\" content=\"en_US\" \/>\n<meta property=\"og:type\" content=\"article\" \/>\n<meta property=\"og:title\" content=\"Kapparot - Yeshiva Beth Yossef\" \/>\n<meta property=\"og:description\" content=\"[vc_row section_type=&#8221;socket&#8221;][vc_column width=&#8221;1\/4&#8243;][vc_single_image image=&#8221;13680&#8243;][\/vc_column][vc_column width=&#8221;1\/2&#8243;][vc_column_text] BETH YOSSEF Yeshiva offers you to do your kapparots with the\u00a0rosh yeshiva Rav Nathan Yabra chlita [\/vc_column_text][\/vc_column][vc_column width=&#8221;1\/4&#8243;][vc_single_image image=&#8221;13674&#8243; alignment=&#8221;right&#8221; style=&#8221;vc_box_shadow_3d&#8221;][\/vc_column][\/vc_row][vc_row][vc_column][vc_column_text]Before the day of forgiveness, it is customary to perform a symbolic atonement of our sins and those of our loved ones, using a chicken that we turn around our heads and reciting an appropriate [&hellip;]\" \/>\n<meta property=\"og:url\" content=\"https:\/\/bethyossef.fr\/en\/kapparot\/\" \/>\n<meta property=\"og:site_name\" content=\"Yeshiva Beth Yossef\" \/>\n<meta property=\"article:modified_time\" content=\"2018-11-22T09:38:23+00:00\" \/>\n<meta property=\"og:image\" content=\"https:\/\/bethyossef.fr\/wp-content\/uploads\/2018\/09\/-e1536833418214.jpg\" \/>\n<meta name=\"twitter:card\" content=\"summary_large_image\" \/>\n<meta name=\"twitter:label1\" content=\"Est. reading time\" \/>\n\t<meta name=\"twitter:data1\" content=\"3 minutes\" \/>\n<script type=\"application\/ld+json\" class=\"yoast-schema-graph\">{\"@context\":\"https:\/\/schema.org\",\"@graph\":[{\"@type\":\"WebPage\",\"@id\":\"https:\/\/bethyossef.fr\/en\/kapparot\/\",\"url\":\"https:\/\/bethyossef.fr\/en\/kapparot\/\",\"name\":\"Kapparot - Yeshiva Beth Yossef\",\"isPartOf\":{\"@id\":\"https:\/\/bethyossef.fr\/#website\"},\"datePublished\":\"2018-11-12T08:56:07+00:00\",\"dateModified\":\"2018-11-22T09:38:23+00:00\",\"breadcrumb\":{\"@id\":\"https:\/\/bethyossef.fr\/en\/kapparot\/#breadcrumb\"},\"inLanguage\":\"en-US\",\"potentialAction\":[{\"@type\":\"ReadAction\",\"target\":[\"https:\/\/bethyossef.fr\/en\/kapparot\/\"]}]},{\"@type\":\"BreadcrumbList\",\"@id\":\"https:\/\/bethyossef.fr\/en\/kapparot\/#breadcrumb\",\"itemListElement\":[{\"@type\":\"ListItem\",\"position\":1,\"name\":\"Accueil\",\"item\":\"https:\/\/bethyossef.fr\/en\/\"},{\"@type\":\"ListItem\",\"position\":2,\"name\":\"Kapparot\"}]},{\"@type\":\"WebSite\",\"@id\":\"https:\/\/bethyossef.fr\/#website\",\"url\":\"https:\/\/bethyossef.fr\/\",\"name\":\"Yeshiva Beth Yossef\",\"description\":\"Etude, Pri\u00e8re &amp; Activit\u00e9s\",\"potentialAction\":[{\"@type\":\"SearchAction\",\"target\":{\"@type\":\"EntryPoint\",\"urlTemplate\":\"https:\/\/bethyossef.fr\/?s={search_term_string}\"},\"query-input\":\"required name=search_term_string\"}],\"inLanguage\":\"en-US\"}]}<\/script>\n<!-- \/ Yoast SEO plugin. -->","yoast_head_json":{"title":"Kapparot - Yeshiva Beth Yossef","robots":{"index":"index","follow":"follow","max-snippet":"max-snippet:-1","max-image-preview":"max-image-preview:large","max-video-preview":"max-video-preview:-1"},"canonical":"https:\/\/bethyossef.fr\/en\/kapparot\/","og_locale":"en_US","og_type":"article","og_title":"Kapparot - Yeshiva Beth Yossef","og_description":"[vc_row section_type=&#8221;socket&#8221;][vc_column width=&#8221;1\/4&#8243;][vc_single_image image=&#8221;13680&#8243;][\/vc_column][vc_column width=&#8221;1\/2&#8243;][vc_column_text] BETH YOSSEF Yeshiva offers you to do your kapparots with the\u00a0rosh yeshiva Rav Nathan Yabra chlita [\/vc_column_text][\/vc_column][vc_column width=&#8221;1\/4&#8243;][vc_single_image image=&#8221;13674&#8243; alignment=&#8221;right&#8221; style=&#8221;vc_box_shadow_3d&#8221;][\/vc_column][\/vc_row][vc_row][vc_column][vc_column_text]Before the day of forgiveness, it is customary to perform a symbolic atonement of our sins and those of our loved ones, using a chicken that we turn around our heads and reciting an appropriate [&hellip;]","og_url":"https:\/\/bethyossef.fr\/en\/kapparot\/","og_site_name":"Yeshiva Beth Yossef","article_modified_time":"2018-11-22T09:38:23+00:00","og_image":[{"url":"https:\/\/bethyossef.fr\/wp-content\/uploads\/2018\/09\/-e1536833418214.jpg"}],"twitter_card":"summary_large_image","twitter_misc":{"Est. reading time":"3 minutes"},"schema":{"@context":"https:\/\/schema.org","@graph":[{"@type":"WebPage","@id":"https:\/\/bethyossef.fr\/en\/kapparot\/","url":"https:\/\/bethyossef.fr\/en\/kapparot\/","name":"Kapparot - Yeshiva Beth Yossef","isPartOf":{"@id":"https:\/\/bethyossef.fr\/#website"},"datePublished":"2018-11-12T08:56:07+00:00","dateModified":"2018-11-22T09:38:23+00:00","breadcrumb":{"@id":"https:\/\/bethyossef.fr\/en\/kapparot\/#breadcrumb"},"inLanguage":"en-US","potentialAction":[{"@type":"ReadAction","target":["https:\/\/bethyossef.fr\/en\/kapparot\/"]}]},{"@type":"BreadcrumbList","@id":"https:\/\/bethyossef.fr\/en\/kapparot\/#breadcrumb","itemListElement":[{"@type":"ListItem","position":1,"name":"Accueil","item":"https:\/\/bethyossef.fr\/en\/"},{"@type":"ListItem","position":2,"name":"Kapparot"}]},{"@type":"WebSite","@id":"https:\/\/bethyossef.fr\/#website","url":"https:\/\/bethyossef.fr\/","name":"Yeshiva Beth Yossef","description":"Etude, Pri\u00e8re &amp; Activit\u00e9s","potentialAction":[{"@type":"SearchAction","target":{"@type":"EntryPoint","urlTemplate":"https:\/\/bethyossef.fr\/?s={search_term_string}"},"query-input":"required name=search_term_string"}],"inLanguage":"en-US"}]}},"_links":{"self":[{"href":"https:\/\/bethyossef.fr\/en\/wp-json\/wp\/v2\/pages\/14151"}],"collection":[{"href":"https:\/\/bethyossef.fr\/en\/wp-json\/wp\/v2\/pages"}],"about":[{"href":"https:\/\/bethyossef.fr\/en\/wp-json\/wp\/v2\/types\/page"}],"author":[{"embeddable":true,"href":"https:\/\/bethyossef.fr\/en\/wp-json\/wp\/v2\/users\/3"}],"replies":[{"embeddable":true,"href":"https:\/\/bethyossef.fr\/en\/wp-json\/wp\/v2\/comments?post=14151"}],"version-history":[{"count":4,"href":"https:\/\/bethyossef.fr\/en\/wp-json\/wp\/v2\/pages\/14151\/revisions"}],"predecessor-version":[{"id":15121,"href":"https:\/\/bethyossef.fr\/en\/wp-json\/wp\/v2\/pages\/14151\/revisions\/15121"}],"wp:attachment":[{"href":"https:\/\/bethyossef.fr\/en\/wp-json\/wp\/v2\/media?parent=14151"}],"curies":[{"name":"wp","href":"https:\/\/api.w.org\/{rel}","templated":true}]}}