{"id":13956,"date":"2018-11-01T08:00:39","date_gmt":"2018-11-01T07:00:39","guid":{"rendered":"https:\/\/bethyossef.fr\/our-team\/"},"modified":"2024-01-28T17:31:25","modified_gmt":"2024-01-28T16:31:25","slug":"our-team","status":"publish","type":"page","link":"https:\/\/bethyossef.fr\/en\/our-team\/","title":{"rendered":"Our team"},"content":{"rendered":"<p>[vc_row vertical_align=&#8221;yes&#8221;][vc_column width=&#8221;1\/3&#8243;][vc_column_text animation=&#8221;animate-when-visible&#8221; css_animation=&#8221;el-fade&#8221;]<\/p>\n<h2>The founder<\/h2>\n<p><strong>Rabbi Guerchon Liebman<\/strong>, a pupil of the famous Yeshiva of Bialystok, arrived in France in the year 5708 (1948) to found Torah institutions.<br \/>\n[\/vc_column_text][\/vc_column][vc_column width=&#8221;1\/3&#8243;][vc_single_image image=&#8221;8707&#8243; img_size=&#8221;medium&#8221; alignment=&#8221;center&#8221; style=&#8221;vc_box_shadow_3d&#8221; onclick=&#8221;link_image&#8221; animation=&#8221;animate-when-visible&#8221; css_animation=&#8221;bottom-to-top&#8221;][\/vc_column][vc_column width=&#8221;1\/3&#8243;][vc_column_text animation=&#8221;animate-when-visible&#8221; css_animation=&#8221;el-fade&#8221;]<\/p>\n<h3>The soul of the Beth Yosef Institutions<\/h3>\n<p>These institutions, which, in a few decades will transform the French spiritual landscape, include a Jewish school in Paris, a Yeshiva and a Beit Yaakov in Seine-et-Marne. Over time, students have been flocking from Israel and the United States to learn with us. <strong>The success is dazzling<\/strong>.<br \/>\n[\/vc_column_text][\/vc_column][\/vc_row][vc_row css_animation=&#8221;bottom-to-top&#8221; section_type=&#8221;alternate&#8221; vertical_align=&#8221;yes&#8221; animation=&#8221;animate-when-almost-visible&#8221;][vc_column css_animation=&#8221;fadeInLeft&#8221; width=&#8221;1\/3&#8243;][vc_column_text][\/vc_column_text][vc_column_text animation=&#8221;animate-when-visible&#8221; css_animation=&#8221;el-fade&#8221;]<\/p>\n<h3 style=\"text-align: center;\">The Roch Yeshiva<\/h3>\n<hr \/>\n<p>[\/vc_column_text][\/vc_column][vc_column css_animation=&#8221;none&#8221; width=&#8221;1\/3&#8243;][vc_single_image image=&#8221;16734&#8243; img_size=&#8221;medium&#8221; alignment=&#8221;center&#8221; style=&#8221;vc_box_outline&#8221; css=&#8221;.vc_custom_1576018295096{margin-bottom: 0px !important;padding-bottom: 0px !important;}&#8221;][vc_column_text]<\/p>\n<hr \/>\n<p>[\/vc_column_text][\/vc_column][vc_column css_animation=&#8221;fadeInRight&#8221; width=&#8221;1\/3&#8243;][vc_column_text][\/vc_column_text][vc_column_text animation=&#8221;animate-when-visible&#8221; css_animation=&#8221;el-fade&#8221;]<\/p>\n<h3 style=\"text-align: center;\">Rav Nathan Yabra Chlita<\/h3>\n<hr \/>\n<p>[\/vc_column_text][\/vc_column][\/vc_row][vc_row css_animation=&#8221;bottom-to-top&#8221; section_type=&#8221;alternate&#8221; vertical_align=&#8221;yes&#8221; animation=&#8221;animate-when-almost-visible&#8221;][vc_column css_animation=&#8221;fadeInLeft&#8221; width=&#8221;1\/3&#8243;][vc_single_image image=&#8221;16731&#8243; img_size=&#8221;210&#215;210&#8243; alignment=&#8221;center&#8221; style=&#8221;vc_box_shadow_3d&#8221; css=&#8221;.vc_custom_1575763814899{margin-bottom: 0px !important;padding-bottom: 0px !important;}&#8221;][vc_column_text]<\/p>\n<h4 style=\"text-align: center;\">Rav Harari Avinoam chlita<\/h4>\n<p style=\"text-align: center;\">Roch kolel<\/p>\n<p style=\"text-align: center;\"><span style=\"color: #999999;\"><a style=\"color: #999999;\" href=\"tel:+33646158631\">(+33) 06 46 15 86 31<\/a><\/span><\/p>\n<p>[\/vc_column_text][\/vc_column][vc_column css_animation=&#8221;none&#8221; width=&#8221;1\/3&#8243;][vc_single_image image=&#8221;9105&#8243; img_size=&#8221;210&#215;210&#8243; alignment=&#8221;center&#8221; style=&#8221;vc_box_shadow_3d&#8221; css=&#8221;.vc_custom_1575763798464{margin-bottom: 0px !important;padding-bottom: 0px !important;}&#8221;][vc_column_text]<\/p>\n<h4 style=\"text-align: center;\">Rav Schvarcz Mordekhai, Shlita<\/h4>\n<p style=\"text-align: center;\">Spiritual Director<\/p>\n<p style=\"text-align: center;\"><span style=\"color: #999999;\"><a style=\"color: #999999;\" href=\"tel:+33626890722\">(+33)\u00a006 26 89 07 22<\/a><\/span><\/p>\n<p>[\/vc_column_text][\/vc_column][vc_column css_animation=&#8221;fadeInRight&#8221; width=&#8221;1\/3&#8243;][vc_single_image image=&#8221;16728&#8243; img_size=&#8221;210&#215;210&#8243; alignment=&#8221;center&#8221; style=&#8221;vc_box_shadow_3d&#8221; css=&#8221;.vc_custom_1575764273415{margin-bottom: 0px !important;padding-bottom: 0px !important;}&#8221;][vc_column_text]<\/p>\n<h4 style=\"text-align: center;\">Rav Schvarcz Moshe chlita<\/h4>\n<p style=\"text-align: center;\">Roch kolel<\/p>\n<p style=\"text-align: center;\"><span style=\"color: #999999;\"><a style=\"color: #999999;\" href=\"tel:+33610153208\">(+33) 06 10 15 32 08<\/a><\/span><\/p>\n<p>[\/vc_column_text][\/vc_column][\/vc_row][vc_row css_animation=&#8221;bottom-to-top&#8221; animation=&#8221;animate-when-almost-visible&#8221;][vc_column width=&#8221;1\/5&#8243;][vc_single_image image=&#8221;16707&#8243; alignment=&#8221;center&#8221; style=&#8221;vc_box_shadow_3d&#8221; box_shadow=&#8221;yes&#8221; animation=&#8221;animate-when-visible&#8221; css=&#8221;.vc_custom_1575761545176{margin-bottom: 0px !important;padding-bottom: 0px !important;}&#8221;][vc_column_text]<\/p>\n<h4 style=\"text-align: center;\">Rav Cohen Isaac Chlita<\/h4>\n<p style=\"text-align: center;\">Representative<\/p>\n<p style=\"text-align: center;\"><a href=\"tel:+33629142935\">(+33) 06 29 14 29 35<\/a><\/p>\n<p>[\/vc_column_text][\/vc_column][vc_column width=&#8221;1\/5&#8243;][vc_single_image image=&#8221;16722&#8243; alignment=&#8221;center&#8221; style=&#8221;vc_box_shadow_3d&#8221; css=&#8221;.vc_custom_1575762282309{margin-bottom: 0px !important;padding-bottom: 0px !important;}&#8221;][vc_column_text]<\/p>\n<h4 style=\"text-align: center;\">Rav Shalit Ovadia, Shlita<\/h4>\n<p style=\"text-align: center;\">Representative<\/p>\n<p style=\"text-align: center;\"><a href=\"tel:+33641503616\">(+33)\u00a006 41 50 36 16<\/a><\/p>\n<p>[\/vc_column_text][\/vc_column][vc_column width=&#8221;1\/5&#8243;][vc_single_image image=&#8221;16719&#8243; alignment=&#8221;center&#8221; style=&#8221;vc_box_shadow_3d&#8221; css=&#8221;.vc_custom_1575762298614{margin-bottom: 0px !important;padding-bottom: 0px !important;}&#8221;][vc_column_text]<\/p>\n<h4 style=\"text-align: center;\">Rav Shalit Yaakov, Shlita<\/h4>\n<p style=\"text-align: center;\">Representative<\/p>\n<p style=\"text-align: center;\"><a href=\"tel:+33641450086\">(+33)\u00a006 41 45 00 86<\/a><\/p>\n<p>[\/vc_column_text][\/vc_column][vc_column width=&#8221;1\/5&#8243;][vc_single_image image=&#8221;16716&#8243; alignment=&#8221;center&#8221; style=&#8221;vc_box_shadow_3d&#8221; css=&#8221;.vc_custom_1575762026209{margin-bottom: 0px !important;padding-bottom: 0px !important;}&#8221;][vc_column_text]<\/p>\n<h4 style=\"text-align: center;\">Rav Michael\u00a0 Yohann chlita<\/h4>\n<p style=\"text-align: center;\">Representative<\/p>\n<p style=\"text-align: center;\"><a href=\"tel:+33644966209\">(+33) 06 44 96 62 09<\/a><\/p>\n<p>[\/vc_column_text][\/vc_column][vc_column width=&#8221;1\/5&#8243;][vc_single_image image=&#8221;16713&#8243; alignment=&#8221;center&#8221; style=&#8221;vc_box_shadow_3d&#8221; css=&#8221;.vc_custom_1575761535356{margin-bottom: 0px !important;padding-bottom: 0px !important;}&#8221;][vc_column_text]<\/p>\n<h4 style=\"text-align: center;\">Rav Shlomo Raani chlita<\/h4>\n<p style=\"text-align: center;\">Representative<\/p>\n<p style=\"text-align: center;\"><a href=\"tel:+33783005132\">(+33) 07 83 00 51 32<\/a><\/p>\n<p>[\/vc_column_text][\/vc_column][\/vc_row][vc_row css_animation=&#8221;bottom-to-top&#8221; section_type=&#8221;socket&#8221; animation=&#8221;animate-when-almost-visible&#8221;][vc_column width=&#8221;1\/4&#8243;][\/vc_column][vc_column width=&#8221;1\/4&#8243;][vc_single_image image=&#8221;9100&#8243; alignment=&#8221;center&#8221; style=&#8221;vc_box_border_circle_2&#8243; css=&#8221;.vc_custom_1535286843865{margin-bottom: 0px !important;padding-bottom: 0px !important;}&#8221;][vc_column_text]<\/p>\n<h4 style=\"text-align: center;\">Rav Polack Noah, Shlita<\/h4>\n<p style=\"text-align: center;\">Director of the Primary School<\/p>\n<p style=\"text-align: center;\"><a href=\"tel:+33160226166\">(+33)\u00a001 60 22 61 66<\/a><\/p>\n<p>[\/vc_column_text][\/vc_column][vc_column width=&#8221;1\/4&#8243;][vc_single_image image=&#8221;9101&#8243; alignment=&#8221;center&#8221; style=&#8221;vc_box_border_circle_2&#8243; css=&#8221;.vc_custom_1535286826225{margin-bottom: 0px !important;padding-bottom: 0px !important;}&#8221;][vc_column_text]<\/p>\n<h4 style=\"text-align: center;\">Rav Meouchar Yossef, Shlita<\/h4>\n<p style=\"text-align: center;\">Assistant Director of the Primary School<\/p>\n<p style=\"text-align: center;\"><a href=\"tel:+33160226166\">(+33)\u00a001 60 22 61 66<\/a><\/p>\n<p>[\/vc_column_text][\/vc_column][vc_column width=&#8221;1\/4&#8243;][\/vc_column][\/vc_row][vc_row padding_bottom=&#8221;0px&#8221;][vc_column width=&#8221;1\/3&#8243;][vc_separator color=&#8221;white&#8221;][vc_separator color=&#8221;white&#8221;][vc_separator color=&#8221;white&#8221;][vc_separator color=&#8221;white&#8221; style=&#8221;shadow&#8221;][vc_single_image image=&#8221;13488&#8243; alignment=&#8221;center&#8221; style=&#8221;vc_box_border_circle_2&#8243; css=&#8221;.vc_custom_1536062293289{margin-bottom: 0px !important;padding-bottom: 0px !important;}&#8221;][vc_column_text]<\/p>\n<h4 style=\"text-align: center;\">Madame Harari<\/h4>\n<p style=\"text-align: center;\">Secretary<\/p>\n<p style=\"text-align: center;\"><a href=\"tel:+33148436830\">(+33)\u00a001 48 43 68 30<\/a><\/p>\n<p>[\/vc_column_text][\/vc_column][vc_column width=&#8221;1\/3&#8243;][vc_single_image image=&#8221;13919&#8243; alignment=&#8221;center&#8221; style=&#8221;vc_box_border_circle_2&#8243; css=&#8221;.vc_custom_1539507140061{margin-bottom: 0px !important;padding-bottom: 0px !important;}&#8221;][vc_column_text]<\/p>\n<h4 style=\"text-align: center;\">Rav Rahmine Aaron, Shlita<\/h4>\n<p style=\"text-align: center;\">Chief of Staff<\/p>\n<p style=\"text-align: center;\"><a href=\"tel:+33148436830\">(+33)\u00a001 48 43 68 30<\/a><\/p>\n<p>[\/vc_column_text][\/vc_column][vc_column width=&#8221;1\/3&#8243;][vc_separator color=&#8221;white&#8221;][vc_separator color=&#8221;white&#8221;][vc_separator color=&#8221;white&#8221;][vc_separator color=&#8221;white&#8221;][vc_single_image image=&#8221;13904&#8243; alignment=&#8221;center&#8221; style=&#8221;vc_box_border_circle_2&#8243; css=&#8221;.vc_custom_1539506457717{margin-bottom: 0px !important;padding-bottom: 0px !important;}&#8221;][vc_column_text]<\/p>\n<h4 style=\"text-align: center;\">M. Schvarcz Akiva<\/h4>\n<p style=\"text-align: center;\">Assistant<\/p>\n<p style=\"text-align: center;\"><a href=\"tel:+33148436830\">(+33)\u00a001 48 43 68 30<\/a><\/p>\n<p>[\/vc_column_text][\/vc_column][\/vc_row][vc_row css_animation=&#8221;bottom-to-top&#8221; section_type=&#8221;socket&#8221; animation=&#8221;animate-when-almost-visible&#8221;][vc_column width=&#8221;1\/3&#8243;][vc_single_image image=&#8221;13492&#8243; img_size=&#8221;120&#215;60&#8243; alignment=&#8221;center&#8221; style=&#8221;vc_box_shadow_3d&#8221; css=&#8221;.vc_custom_1536091697102{margin-bottom: 0px !important;padding-bottom: 0px !important;}&#8221;][vc_separator][vc_single_image image=&#8221;13510&#8243; alignment=&#8221;center&#8221; style=&#8221;vc_box_border_circle_2&#8243; css=&#8221;.vc_custom_1536093153416{margin-bottom: 0px !important;padding-bottom: 0px !important;}&#8221;][vc_column_text]<\/p>\n<h4 style=\"text-align: center;\">Rav Y\u00e9f\u00e9t Y\u00e9oram, Shlita<\/h4>\n<p style=\"text-align: center;\">Representative in Israel<\/p>\n<p style=\"text-align: center;\"><a href=\"mailto:mn0545400111@gmail.com\">mn0545400111@gmail.com<\/a><\/p>\n<p style=\"text-align: center;\"><a href=\"tel:+33148436830\">(+972) <\/a><a href=\"tel:+972548484999\">548484999<\/a><\/p>\n<p>[\/vc_column_text][\/vc_column][vc_column width=&#8221;1\/3&#8243;][\/vc_column][vc_column width=&#8221;1\/3&#8243;][vc_single_image image=&#8221;13496&#8243; img_size=&#8221;120&#215;60&#8243; alignment=&#8221;center&#8221; style=&#8221;vc_box_shadow_3d&#8221; css=&#8221;.vc_custom_1536091679917{margin-bottom: 0px !important;padding-bottom: 0px !important;}&#8221;][vc_separator][vc_single_image image=&#8221;13506&#8243; alignment=&#8221;center&#8221; style=&#8221;vc_box_border_circle_2&#8243; css=&#8221;.vc_custom_1536089884876{margin-bottom: 0px !important;padding-bottom: 0px !important;}&#8221;][vc_column_text]<\/p>\n<h4 style=\"text-align: center;\">Rav Shmiel Fridman, Shlita<\/h4>\n<p style=\"text-align: center;\">Representative in USA<\/p>\n<p style=\"text-align: center;\"><a href=\"bethyossefnov@gmail.com\">bethyossefnov@gmail.com<\/a><\/p>\n<p style=\"text-align: center;\"><a href=\"tel:+19177274541\">(+) 1-917-727-4541<\/a><\/p>\n<p>[\/vc_column_text][\/vc_column][\/vc_row]<\/p>\n","protected":false},"excerpt":{"rendered":"<p>[vc_row vertical_align=&#8221;yes&#8221;][vc_column width=&#8221;1\/3&#8243;][vc_column_text animation=&#8221;animate-when-visible&#8221; css_animation=&#8221;el-fade&#8221;] The founder Rabbi Guerchon Liebman, a pupil of the famous Yeshiva of Bialystok, arrived in France in the year 5708 (1948) to found Torah institutions. [\/vc_column_text][\/vc_column][vc_column width=&#8221;1\/3&#8243;][vc_single_image image=&#8221;8707&#8243; img_size=&#8221;medium&#8221; alignment=&#8221;center&#8221; style=&#8221;vc_box_shadow_3d&#8221; onclick=&#8221;link_image&#8221; animation=&#8221;animate-when-visible&#8221; css_animation=&#8221;bottom-to-top&#8221;][\/vc_column][vc_column width=&#8221;1\/3&#8243;][vc_column_text animation=&#8221;animate-when-visible&#8221; css_animation=&#8221;el-fade&#8221;] The soul of the Beth Yosef Institutions These institutions, which, in a few decades will transform the French [&hellip;]<\/p>\n","protected":false},"author":3,"featured_media":14579,"parent":0,"menu_order":0,"comment_status":"closed","ping_status":"closed","template":"","meta":[],"yoast_head":"<!-- This site is optimized with the Yoast SEO plugin v20.1 - https:\/\/yoast.com\/wordpress\/plugins\/seo\/ -->\n<title>Our team - Yeshiva Beth Yossef<\/title>\n<meta name=\"robots\" content=\"index, follow, max-snippet:-1, max-image-preview:large, max-video-preview:-1\" \/>\n<link rel=\"canonical\" href=\"https:\/\/bethyossef.fr\/en\/our-team\/\" \/>\n<meta property=\"og:locale\" content=\"en_US\" \/>\n<meta property=\"og:type\" content=\"article\" \/>\n<meta property=\"og:title\" content=\"Our team - Yeshiva Beth Yossef\" \/>\n<meta property=\"og:description\" content=\"[vc_row vertical_align=&#8221;yes&#8221;][vc_column width=&#8221;1\/3&#8243;][vc_column_text animation=&#8221;animate-when-visible&#8221; css_animation=&#8221;el-fade&#8221;] The founder Rabbi Guerchon Liebman, a pupil of the famous Yeshiva of Bialystok, arrived in France in the year 5708 (1948) to found Torah institutions. [\/vc_column_text][\/vc_column][vc_column width=&#8221;1\/3&#8243;][vc_single_image image=&#8221;8707&#8243; img_size=&#8221;medium&#8221; alignment=&#8221;center&#8221; style=&#8221;vc_box_shadow_3d&#8221; onclick=&#8221;link_image&#8221; animation=&#8221;animate-when-visible&#8221; css_animation=&#8221;bottom-to-top&#8221;][\/vc_column][vc_column width=&#8221;1\/3&#8243;][vc_column_text animation=&#8221;animate-when-visible&#8221; css_animation=&#8221;el-fade&#8221;] The soul of the Beth Yosef Institutions These institutions, which, in a few decades will transform the French [&hellip;]\" \/>\n<meta property=\"og:url\" content=\"https:\/\/bethyossef.fr\/en\/our-team\/\" \/>\n<meta property=\"og:site_name\" content=\"Yeshiva Beth Yossef\" \/>\n<meta property=\"article:modified_time\" content=\"2024-01-28T16:31:25+00:00\" \/>\n<meta property=\"og:image\" content=\"https:\/\/bethyossef.fr\/wp-content\/uploads\/2018\/06\/equipe-29.jpg\" \/>\n\t<meta property=\"og:image:width\" content=\"1620\" \/>\n\t<meta property=\"og:image:height\" content=\"1080\" \/>\n\t<meta property=\"og:image:type\" content=\"image\/jpeg\" \/>\n<meta name=\"twitter:card\" content=\"summary_large_image\" \/>\n<meta name=\"twitter:label1\" content=\"Est. reading time\" \/>\n\t<meta name=\"twitter:data1\" content=\"3 minutes\" \/>\n<script type=\"application\/ld+json\" class=\"yoast-schema-graph\">{\"@context\":\"https:\/\/schema.org\",\"@graph\":[{\"@type\":\"WebPage\",\"@id\":\"https:\/\/bethyossef.fr\/en\/our-team\/\",\"url\":\"https:\/\/bethyossef.fr\/en\/our-team\/\",\"name\":\"Our team - Yeshiva Beth Yossef\",\"isPartOf\":{\"@id\":\"https:\/\/bethyossef.fr\/#website\"},\"datePublished\":\"2018-11-01T07:00:39+00:00\",\"dateModified\":\"2024-01-28T16:31:25+00:00\",\"breadcrumb\":{\"@id\":\"https:\/\/bethyossef.fr\/en\/our-team\/#breadcrumb\"},\"inLanguage\":\"en-US\",\"potentialAction\":[{\"@type\":\"ReadAction\",\"target\":[\"https:\/\/bethyossef.fr\/en\/our-team\/\"]}]},{\"@type\":\"BreadcrumbList\",\"@id\":\"https:\/\/bethyossef.fr\/en\/our-team\/#breadcrumb\",\"itemListElement\":[{\"@type\":\"ListItem\",\"position\":1,\"name\":\"Accueil\",\"item\":\"https:\/\/bethyossef.fr\/en\/\"},{\"@type\":\"ListItem\",\"position\":2,\"name\":\"Our team\"}]},{\"@type\":\"WebSite\",\"@id\":\"https:\/\/bethyossef.fr\/#website\",\"url\":\"https:\/\/bethyossef.fr\/\",\"name\":\"Yeshiva Beth Yossef\",\"description\":\"Etude, Pri\u00e8re &amp; Activit\u00e9s\",\"potentialAction\":[{\"@type\":\"SearchAction\",\"target\":{\"@type\":\"EntryPoint\",\"urlTemplate\":\"https:\/\/bethyossef.fr\/?s={search_term_string}\"},\"query-input\":\"required name=search_term_string\"}],\"inLanguage\":\"en-US\"}]}<\/script>\n<!-- \/ Yoast SEO plugin. -->","yoast_head_json":{"title":"Our team - Yeshiva Beth Yossef","robots":{"index":"index","follow":"follow","max-snippet":"max-snippet:-1","max-image-preview":"max-image-preview:large","max-video-preview":"max-video-preview:-1"},"canonical":"https:\/\/bethyossef.fr\/en\/our-team\/","og_locale":"en_US","og_type":"article","og_title":"Our team - Yeshiva Beth Yossef","og_description":"[vc_row vertical_align=&#8221;yes&#8221;][vc_column width=&#8221;1\/3&#8243;][vc_column_text animation=&#8221;animate-when-visible&#8221; css_animation=&#8221;el-fade&#8221;] The founder Rabbi Guerchon Liebman, a pupil of the famous Yeshiva of Bialystok, arrived in France in the year 5708 (1948) to found Torah institutions. [\/vc_column_text][\/vc_column][vc_column width=&#8221;1\/3&#8243;][vc_single_image image=&#8221;8707&#8243; img_size=&#8221;medium&#8221; alignment=&#8221;center&#8221; style=&#8221;vc_box_shadow_3d&#8221; onclick=&#8221;link_image&#8221; animation=&#8221;animate-when-visible&#8221; css_animation=&#8221;bottom-to-top&#8221;][\/vc_column][vc_column width=&#8221;1\/3&#8243;][vc_column_text animation=&#8221;animate-when-visible&#8221; css_animation=&#8221;el-fade&#8221;] The soul of the Beth Yosef Institutions These institutions, which, in a few decades will transform the French [&hellip;]","og_url":"https:\/\/bethyossef.fr\/en\/our-team\/","og_site_name":"Yeshiva Beth Yossef","article_modified_time":"2024-01-28T16:31:25+00:00","og_image":[{"width":1620,"height":1080,"url":"https:\/\/bethyossef.fr\/wp-content\/uploads\/2018\/06\/equipe-29.jpg","type":"image\/jpeg"}],"twitter_card":"summary_large_image","twitter_misc":{"Est. reading time":"3 minutes"},"schema":{"@context":"https:\/\/schema.org","@graph":[{"@type":"WebPage","@id":"https:\/\/bethyossef.fr\/en\/our-team\/","url":"https:\/\/bethyossef.fr\/en\/our-team\/","name":"Our team - Yeshiva Beth Yossef","isPartOf":{"@id":"https:\/\/bethyossef.fr\/#website"},"datePublished":"2018-11-01T07:00:39+00:00","dateModified":"2024-01-28T16:31:25+00:00","breadcrumb":{"@id":"https:\/\/bethyossef.fr\/en\/our-team\/#breadcrumb"},"inLanguage":"en-US","potentialAction":[{"@type":"ReadAction","target":["https:\/\/bethyossef.fr\/en\/our-team\/"]}]},{"@type":"BreadcrumbList","@id":"https:\/\/bethyossef.fr\/en\/our-team\/#breadcrumb","itemListElement":[{"@type":"ListItem","position":1,"name":"Accueil","item":"https:\/\/bethyossef.fr\/en\/"},{"@type":"ListItem","position":2,"name":"Our team"}]},{"@type":"WebSite","@id":"https:\/\/bethyossef.fr\/#website","url":"https:\/\/bethyossef.fr\/","name":"Yeshiva Beth Yossef","description":"Etude, Pri\u00e8re &amp; Activit\u00e9s","potentialAction":[{"@type":"SearchAction","target":{"@type":"EntryPoint","urlTemplate":"https:\/\/bethyossef.fr\/?s={search_term_string}"},"query-input":"required name=search_term_string"}],"inLanguage":"en-US"}]}},"_links":{"self":[{"href":"https:\/\/bethyossef.fr\/en\/wp-json\/wp\/v2\/pages\/13956"}],"collection":[{"href":"https:\/\/bethyossef.fr\/en\/wp-json\/wp\/v2\/pages"}],"about":[{"href":"https:\/\/bethyossef.fr\/en\/wp-json\/wp\/v2\/types\/page"}],"author":[{"embeddable":true,"href":"https:\/\/bethyossef.fr\/en\/wp-json\/wp\/v2\/users\/3"}],"replies":[{"embeddable":true,"href":"https:\/\/bethyossef.fr\/en\/wp-json\/wp\/v2\/comments?post=13956"}],"version-history":[{"count":9,"href":"https:\/\/bethyossef.fr\/en\/wp-json\/wp\/v2\/pages\/13956\/revisions"}],"predecessor-version":[{"id":20185,"href":"https:\/\/bethyossef.fr\/en\/wp-json\/wp\/v2\/pages\/13956\/revisions\/20185"}],"wp:featuredmedia":[{"embeddable":true,"href":"https:\/\/bethyossef.fr\/en\/wp-json\/wp\/v2\/media\/14579"}],"wp:attachment":[{"href":"https:\/\/bethyossef.fr\/en\/wp-json\/wp\/v2\/media?parent=13956"}],"curies":[{"name":"wp","href":"https:\/\/api.w.org\/{rel}","templated":true}]}}